{"id":19,"date":"2019-01-11T10:01:30","date_gmt":"2019-01-11T10:01:30","guid":{"rendered":"https:\/\/destination.oceanwp.org\/?page_id=19"},"modified":"2022-10-31T18:19:50","modified_gmt":"2022-10-31T18:19:50","slug":"expediciones","status":"publish","type":"page","link":"https:\/\/latinmountain.com\/index.php\/expediciones\/","title":{"rendered":"Expediciones"},"content":{"rendered":"\t\t<div data-elementor-type=\"wp-post\" data-elementor-id=\"19\" class=\"elementor elementor-19\">\n\t\t\t\t\t\t\t\t\t<section class=\"elementor-section elementor-top-section elementor-element elementor-element-5d34a384 elementor-section-height-min-height elementor-section-items-bottom elementor-section-boxed elementor-section-height-default\" data-id=\"5d34a384\" data-element_type=\"section\" data-settings=\"{&quot;background_background&quot;:&quot;classic&quot;,&quot;shape_divider_bottom&quot;:&quot;curve&quot;,&quot;shape_divider_bottom_negative&quot;:&quot;yes&quot;}\">\n\t\t\t\t\t\t\t<div class=\"elementor-background-overlay\"><\/div>\n\t\t\t\t\t\t<div class=\"elementor-shape elementor-shape-bottom\" data-negative=\"true\">\n\t\t\t<svg xmlns=\"http:\/\/www.w3.org\/2000\/svg\" viewBox=\"0 0 1000 100\" preserveAspectRatio=\"none\">\n\t<path class=\"elementor-shape-fill\" d=\"M500,97C126.7,96.3,0.8,19.8,0,0v100l1000,0V1C1000,19.4,873.3,97.8,500,97z\"\/>\n<\/svg>\t\t<\/div>\n\t\t\t\t\t<div class=\"elementor-container elementor-column-gap-default\">\n\t\t\t\t\t<div class=\"elementor-column elementor-col-100 elementor-top-column elementor-element elementor-element-7f5bb7e\" data-id=\"7f5bb7e\" data-element_type=\"column\">\n\t\t\t<div class=\"elementor-widget-wrap elementor-element-populated\">\n\t\t\t\t\t\t\t\t<div class=\"elementor-element elementor-element-b234dc2 elementor-widget elementor-widget-heading\" data-id=\"b234dc2\" data-element_type=\"widget\" data-widget_type=\"heading.default\">\n\t\t\t\t<div class=\"elementor-widget-container\">\n\t\t\t<style>\/*! elementor - v3.7.8 - 02-10-2022 *\/\n.elementor-heading-title{padding:0;margin:0;line-height:1}.elementor-widget-heading .elementor-heading-title[class*=elementor-size-]>a{color:inherit;font-size:inherit;line-height:inherit}.elementor-widget-heading .elementor-heading-title.elementor-size-small{font-size:15px}.elementor-widget-heading .elementor-heading-title.elementor-size-medium{font-size:19px}.elementor-widget-heading .elementor-heading-title.elementor-size-large{font-size:29px}.elementor-widget-heading .elementor-heading-title.elementor-size-xl{font-size:39px}.elementor-widget-heading .elementor-heading-title.elementor-size-xxl{font-size:59px}<\/style><h2 class=\"elementor-heading-title elementor-size-default\">Som\u00f3s un talentoso equipo de guias de monta\u00f1a. \u00a1Vive la experiencia!<\/h2>\t\t<\/div>\n\t\t\t\t<\/div>\n\t\t\t\t<div class=\"elementor-element elementor-element-76a32e15 elementor-widget elementor-widget-heading\" data-id=\"76a32e15\" data-element_type=\"widget\" data-widget_type=\"heading.default\">\n\t\t\t\t<div class=\"elementor-widget-container\">\n\t\t\t<p class=\"elementor-heading-title elementor-size-default\">Vive la Experiencia de la Expedici\u00f3n<\/p>\t\t<\/div>\n\t\t\t\t<\/div>\n\t\t\t\t<div class=\"elementor-element elementor-element-69712ad1 elementor-align-center elementor-widget elementor-widget-button\" data-id=\"69712ad1\" data-element_type=\"widget\" data-widget_type=\"button.default\">\n\t\t\t\t<div class=\"elementor-widget-container\">\n\t\t\t\t\t<div class=\"elementor-button-wrapper\">\n\t\t\t<a href=\"https:\/\/latinmountain.com\/index.php\/contacto\/\" class=\"elementor-button-link elementor-button elementor-size-md elementor-animation-grow\" role=\"button\">\n\t\t\t\t\t\t<span class=\"elementor-button-content-wrapper\">\n\t\t\t\t\t\t<span class=\"elementor-button-text\">CONTRATACIONES<\/span>\n\t\t<\/span>\n\t\t\t\t\t<\/a>\n\t\t<\/div>\n\t\t\t\t<\/div>\n\t\t\t\t<\/div>\n\t\t\t\t\t<\/div>\n\t\t<\/div>\n\t\t\t\t\t\t\t<\/div>\n\t\t<\/section>\n\t\t\t\t<section class=\"elementor-section elementor-top-section elementor-element elementor-element-ea0e4a6 elementor-section-full_width elementor-section-height-default elementor-section-height-default\" data-id=\"ea0e4a6\" data-element_type=\"section\">\n\t\t\t\t\t\t<div class=\"elementor-container elementor-column-gap-default\">\n\t\t\t\t\t<div class=\"elementor-column elementor-col-50 elementor-top-column elementor-element elementor-element-9f26f2f\" data-id=\"9f26f2f\" data-element_type=\"column\" data-settings=\"{&quot;background_background&quot;:&quot;classic&quot;}\">\n\t\t\t<div class=\"elementor-widget-wrap elementor-element-populated\">\n\t\t\t\t\t\t\t\t<div class=\"elementor-element elementor-element-90ec71c elementor-widget elementor-widget-image\" data-id=\"90ec71c\" data-element_type=\"widget\" data-widget_type=\"image.default\">\n\t\t\t\t<div class=\"elementor-widget-container\">\n\t\t\t<style>\/*! elementor - v3.7.8 - 02-10-2022 *\/\n.elementor-widget-image{text-align:center}.elementor-widget-image a{display:inline-block}.elementor-widget-image a img[src$=\".svg\"]{width:48px}.elementor-widget-image img{vertical-align:middle;display:inline-block}<\/style>\t\t\t\t\t\t\t\t\t\t\t\t<img loading=\"lazy\" decoding=\"async\" width=\"2560\" height=\"1920\" src=\"https:\/\/latinmountain.com\/wp-content\/uploads\/2022\/10\/IMG_20181202_082002587-scaled.jpg\" class=\"attachment-full size-full\" alt=\"\" \/>\t\t\t\t\t\t\t\t\t\t\t\t\t\t\t<\/div>\n\t\t\t\t<\/div>\n\t\t\t\t\t<\/div>\n\t\t<\/div>\n\t\t\t\t<div class=\"elementor-column elementor-col-50 elementor-top-column elementor-element elementor-element-018eb01\" data-id=\"018eb01\" data-element_type=\"column\">\n\t\t\t<div class=\"elementor-widget-wrap elementor-element-populated\">\n\t\t\t\t\t\t\t\t<div class=\"elementor-element elementor-element-62db01e elementor-widget elementor-widget-heading\" data-id=\"62db01e\" data-element_type=\"widget\" data-widget_type=\"heading.default\">\n\t\t\t\t<div class=\"elementor-widget-container\">\n\t\t\t<h2 class=\"elementor-heading-title elementor-size-default\"> EL<span style=\"background-color: #d4f1f6; padding:5px 10px 5px 10px\">PICO DE ORIZABA<\/span><\/h2>\t\t<\/div>\n\t\t\t\t<\/div>\n\t\t\t\t<div class=\"elementor-element elementor-element-5eef8e7 elementor-widget elementor-widget-text-editor\" data-id=\"5eef8e7\" data-element_type=\"widget\" data-widget_type=\"text-editor.default\">\n\t\t\t\t<div class=\"elementor-widget-container\">\n\t\t\t<style>\/*! elementor - v3.7.8 - 02-10-2022 *\/\n.elementor-widget-text-editor.elementor-drop-cap-view-stacked .elementor-drop-cap{background-color:#818a91;color:#fff}.elementor-widget-text-editor.elementor-drop-cap-view-framed .elementor-drop-cap{color:#818a91;border:3px solid;background-color:transparent}.elementor-widget-text-editor:not(.elementor-drop-cap-view-default) .elementor-drop-cap{margin-top:8px}.elementor-widget-text-editor:not(.elementor-drop-cap-view-default) .elementor-drop-cap-letter{width:1em;height:1em}.elementor-widget-text-editor .elementor-drop-cap{float:left;text-align:center;line-height:1;font-size:50px}.elementor-widget-text-editor .elementor-drop-cap-letter{display:inline-block}<\/style>\t\t\t\t<p>El Citlalt\u00e9petl o Pico de Orizaba con 5,630 msnm<\/p><p>\u00a0Puede ser tu pr\u00f3xima conquista, <u>\u00a0<\/u>Ataca la cima, en compa\u00f1\u00eda de gu\u00edas entrenados en Alta Monta\u00f1a preparados para cualquier adversidad.<\/p><p>Observa c\u00f3mo se levanta en la lejan\u00eda un volc\u00e1n de forma c\u00f3nica perfecta: el Pico de Orizaba, una elevaci\u00f3n a la que los aztecas llamaron Citlalt\u00e9petl o \u201ccerro estrella\u201d, ya que en las noches de plenilunio la cima nevada refleja la luz de la luna y crea la impresi\u00f3n de ser una estrella.<\/p><p>Vive una experiencia inolvidable de la mano de gu\u00edas de monta\u00f1a altamente capacitados y equipo de seguridad con los m\u00e1s altos est\u00e1ndares de calidad.<\/p>\t\t\t\t\t\t<\/div>\n\t\t\t\t<\/div>\n\t\t\t\t<div class=\"elementor-element elementor-element-187c087 elementor-align-center elementor-widget elementor-widget-button\" data-id=\"187c087\" data-element_type=\"widget\" data-widget_type=\"button.default\">\n\t\t\t\t<div class=\"elementor-widget-container\">\n\t\t\t\t\t<div class=\"elementor-button-wrapper\">\n\t\t\t<a href=\"https:\/\/latinmountain.com\/index.php\/pico-de-orizaba\/\" class=\"elementor-button-link elementor-button elementor-size-md elementor-animation-grow\" role=\"button\">\n\t\t\t\t\t\t<span class=\"elementor-button-content-wrapper\">\n\t\t\t\t\t\t\t<span class=\"elementor-button-icon elementor-align-icon-left\">\n\t\t\t\t<i aria-hidden=\"true\" class=\"fas fa-long-arrow-alt-left\"><\/i>\t\t\t<\/span>\n\t\t\t\t\t\t<span class=\"elementor-button-text\">Explora las opciones <\/span>\n\t\t<\/span>\n\t\t\t\t\t<\/a>\n\t\t<\/div>\n\t\t\t\t<\/div>\n\t\t\t\t<\/div>\n\t\t\t\t\t<\/div>\n\t\t<\/div>\n\t\t\t\t\t\t\t<\/div>\n\t\t<\/section>\n\t\t\t\t<section class=\"elementor-section elementor-top-section elementor-element elementor-element-e005778 elementor-reverse-mobile elementor-section-full_width elementor-reverse-tablet elementor-section-height-default elementor-section-height-default\" data-id=\"e005778\" data-element_type=\"section\">\n\t\t\t\t\t\t<div class=\"elementor-container elementor-column-gap-default\">\n\t\t\t\t\t<div class=\"elementor-column elementor-col-50 elementor-top-column elementor-element elementor-element-3f685d4\" data-id=\"3f685d4\" data-element_type=\"column\">\n\t\t\t<div class=\"elementor-widget-wrap elementor-element-populated\">\n\t\t\t\t\t\t\t\t<div class=\"elementor-element elementor-element-ebd5f86 elementor-widget elementor-widget-heading\" data-id=\"ebd5f86\" data-element_type=\"widget\" data-widget_type=\"heading.default\">\n\t\t\t\t<div class=\"elementor-widget-container\">\n\t\t\t<h2 class=\"elementor-heading-title elementor-size-default\">EL<span style=\"background-color: #d2f0f5;  padding:5px 10px 5px 10px\">IZTACCIHUATL<\/span><\/h2>\t\t<\/div>\n\t\t\t\t<\/div>\n\t\t\t\t<div class=\"elementor-element elementor-element-a560e8e elementor-widget elementor-widget-text-editor\" data-id=\"a560e8e\" data-element_type=\"widget\" data-widget_type=\"text-editor.default\">\n\t\t\t\t<div class=\"elementor-widget-container\">\n\t\t\t\t\t\t\t<p>\u00bfQuieres conocer los\u00a0<strong>volcanes m\u00e1s famosos de M\u00e9xico<\/strong>, pero no sabes\u00a0<strong>como?<\/strong><\/p><p>\u00a0<\/p><p>\u00a1No te preocupes que en\u2026 Latin Mountain te llevamos a cumplir tus sue\u00f1os!<\/p><p>El Iztacc\u00edhuatl o mujer dormida es la tercera cumbre m\u00e1s alta de M\u00e9xico, con una \u00a0altura de 5,220 msnm.<\/p><p>\u00a0<\/p><p>Ben a Disfruta tu expedici\u00f3n con nosotros. Se trata de una experiencia inolvidable ver\u00e1s muy de cerca a los\u00a0<strong>imponentes y legendarios cr\u00e1teres con unas vistas incre\u00edbles.<\/strong><\/p><p>\u00a0<\/p>\t\t\t\t\t\t<\/div>\n\t\t\t\t<\/div>\n\t\t\t\t<div class=\"elementor-element elementor-element-47674e1 elementor-align-center elementor-widget elementor-widget-button\" data-id=\"47674e1\" data-element_type=\"widget\" data-widget_type=\"button.default\">\n\t\t\t\t<div class=\"elementor-widget-container\">\n\t\t\t\t\t<div class=\"elementor-button-wrapper\">\n\t\t\t<a href=\"https:\/\/latinmountain.com\/index.php\/iztaccihuatl\/\" class=\"elementor-button-link elementor-button elementor-size-md elementor-animation-grow\" role=\"button\">\n\t\t\t\t\t\t<span class=\"elementor-button-content-wrapper\">\n\t\t\t\t\t\t\t<span class=\"elementor-button-icon elementor-align-icon-right\">\n\t\t\t\t<i aria-hidden=\"true\" class=\"fas fa-long-arrow-alt-right\"><\/i>\t\t\t<\/span>\n\t\t\t\t\t\t<span class=\"elementor-button-text\">Explora las opciones<\/span>\n\t\t<\/span>\n\t\t\t\t\t<\/a>\n\t\t<\/div>\n\t\t\t\t<\/div>\n\t\t\t\t<\/div>\n\t\t\t\t\t<\/div>\n\t\t<\/div>\n\t\t\t\t<div class=\"elementor-column elementor-col-50 elementor-top-column elementor-element elementor-element-910e18e\" data-id=\"910e18e\" data-element_type=\"column\">\n\t\t\t<div class=\"elementor-widget-wrap elementor-element-populated\">\n\t\t\t\t\t\t\t\t<div class=\"elementor-element elementor-element-70b7b14 elementor-widget elementor-widget-image\" data-id=\"70b7b14\" data-element_type=\"widget\" data-widget_type=\"image.default\">\n\t\t\t\t<div class=\"elementor-widget-container\">\n\t\t\t\t\t\t\t\t\t\t\t\t\t\t\t<img loading=\"lazy\" decoding=\"async\" width=\"1280\" height=\"960\" src=\"https:\/\/latinmountain.com\/wp-content\/uploads\/2022\/10\/IMG-20180609-WA0099.jpg\" class=\"attachment-full size-full\" alt=\"\" \/>\t\t\t\t\t\t\t\t\t\t\t\t\t\t\t<\/div>\n\t\t\t\t<\/div>\n\t\t\t\t\t<\/div>\n\t\t<\/div>\n\t\t\t\t\t\t\t<\/div>\n\t\t<\/section>\n\t\t\t\t<section class=\"elementor-section elementor-top-section elementor-element elementor-element-daab92c elementor-section-full_width elementor-section-height-default elementor-section-height-default\" data-id=\"daab92c\" data-element_type=\"section\">\n\t\t\t\t\t\t<div class=\"elementor-container elementor-column-gap-default\">\n\t\t\t\t\t<div class=\"elementor-column elementor-col-50 elementor-top-column elementor-element elementor-element-9015dc8\" data-id=\"9015dc8\" data-element_type=\"column\" data-settings=\"{&quot;background_background&quot;:&quot;classic&quot;}\">\n\t\t\t<div class=\"elementor-widget-wrap elementor-element-populated\">\n\t\t\t\t\t\t\t\t<div class=\"elementor-element elementor-element-afe13fc elementor-widget elementor-widget-image\" data-id=\"afe13fc\" data-element_type=\"widget\" data-widget_type=\"image.default\">\n\t\t\t\t<div class=\"elementor-widget-container\">\n\t\t\t\t\t\t\t\t\t\t\t\t\t\t\t<img loading=\"lazy\" decoding=\"async\" width=\"2560\" height=\"1440\" src=\"https:\/\/latinmountain.com\/wp-content\/uploads\/2022\/10\/20210211_085106-scaled.jpg\" class=\"attachment-full size-full\" alt=\"\" \/>\t\t\t\t\t\t\t\t\t\t\t\t\t\t\t<\/div>\n\t\t\t\t<\/div>\n\t\t\t\t\t<\/div>\n\t\t<\/div>\n\t\t\t\t<div class=\"elementor-column elementor-col-50 elementor-top-column elementor-element elementor-element-9665495\" data-id=\"9665495\" data-element_type=\"column\">\n\t\t\t<div class=\"elementor-widget-wrap elementor-element-populated\">\n\t\t\t\t\t\t\t\t<div class=\"elementor-element elementor-element-5f55149f elementor-widget elementor-widget-heading\" data-id=\"5f55149f\" data-element_type=\"widget\" data-widget_type=\"heading.default\">\n\t\t\t\t<div class=\"elementor-widget-container\">\n\t\t\t<h2 class=\"elementor-heading-title elementor-size-default\">LA <span style=\"background-color: #b99f6c; color:#ffffff; padding:5px 10px 5px 10px\">MALINCHE<\/span><\/h2>\t\t<\/div>\n\t\t\t\t<\/div>\n\t\t\t\t<div class=\"elementor-element elementor-element-4b1bf42 elementor-widget elementor-widget-text-editor\" data-id=\"4b1bf42\" data-element_type=\"widget\" data-widget_type=\"text-editor.default\">\n\t\t\t\t<div class=\"elementor-widget-container\">\n\t\t\t\t\t\t\t<p class=\"int\">\u00a1Conquista la sexta cima m\u00e1s alta de M\u00e9xico! Vive esta incre\u00edble experiencia privada y todo incluido en la que te adentrar\u00e1s en el bosque, arenales y llegar\u00e1s a 4420 metros de altura en la cima de la Malinche.<\/p>\t\t\t\t\t\t<\/div>\n\t\t\t\t<\/div>\n\t\t\t\t<div class=\"elementor-element elementor-element-0d0bc67 elementor-align-center elementor-widget elementor-widget-button\" data-id=\"0d0bc67\" data-element_type=\"widget\" data-widget_type=\"button.default\">\n\t\t\t\t<div class=\"elementor-widget-container\">\n\t\t\t\t\t<div class=\"elementor-button-wrapper\">\n\t\t\t<a href=\"https:\/\/latinmountain.com\/index.php\/malinche\/\" class=\"elementor-button-link elementor-button elementor-size-md elementor-animation-grow\" role=\"button\">\n\t\t\t\t\t\t<span class=\"elementor-button-content-wrapper\">\n\t\t\t\t\t\t\t<span class=\"elementor-button-icon elementor-align-icon-left\">\n\t\t\t\t<i aria-hidden=\"true\" class=\"fas fa-long-arrow-alt-left\"><\/i>\t\t\t<\/span>\n\t\t\t\t\t\t<span class=\"elementor-button-text\">explora las opciones<\/span>\n\t\t<\/span>\n\t\t\t\t\t<\/a>\n\t\t<\/div>\n\t\t\t\t<\/div>\n\t\t\t\t<\/div>\n\t\t\t\t\t<\/div>\n\t\t<\/div>\n\t\t\t\t\t\t\t<\/div>\n\t\t<\/section>\n\t\t\t\t<section class=\"elementor-section elementor-top-section elementor-element elementor-element-b78889d elementor-section-boxed elementor-section-height-default elementor-section-height-default\" data-id=\"b78889d\" data-element_type=\"section\">\n\t\t\t\t\t\t<div class=\"elementor-container elementor-column-gap-default\">\n\t\t\t\t\t<div class=\"elementor-column elementor-col-100 elementor-top-column elementor-element elementor-element-d5bf636\" data-id=\"d5bf636\" data-element_type=\"column\">\n\t\t\t<div class=\"elementor-widget-wrap elementor-element-populated\">\n\t\t\t\t\t\t\t\t<div class=\"elementor-element elementor-element-e0c763e elementor-widget elementor-widget-shortcode\" data-id=\"e0c763e\" data-element_type=\"widget\" data-widget_type=\"shortcode.default\">\n\t\t\t\t<div class=\"elementor-widget-container\">\n\t\t\t\t\t<div class=\"elementor-shortcode\"><div id=\"metaslider-id-650\" style=\"width: 100%; margin: 0 auto;\" class=\"ml-slider-3-27-13 metaslider metaslider-nivo metaslider-650 ml-slider ms-theme-simply-dark\">\n    <div id=\"metaslider_container_650\">\n        <div class='slider-wrapper theme-default'><div class='ribbon'><\/div><div id='metaslider_650' class='nivoSlider'><a href=\"https:\/\/latinmountain.com\/index.php\/iztaccihuatl\/\" target=\"_self\"><img loading=\"lazy\" decoding=\"async\" width=\"1640\" height=\"624\" src=\"https:\/\/latinmountain.com\/wp-content\/uploads\/2022\/10\/IZTA-3.jpg\" class=\"slider-650 slide-654\" alt=\"\" data-caption=\"\" data-thumb=\"\" title=\"IZTA 3\" rel=\"\" srcset=\"https:\/\/latinmountain.com\/wp-content\/uploads\/2022\/10\/IZTA-3.jpg 1640w, https:\/\/latinmountain.com\/wp-content\/uploads\/2022\/10\/IZTA-3-300x114.jpg 300w, https:\/\/latinmountain.com\/wp-content\/uploads\/2022\/10\/IZTA-3-1024x390.jpg 1024w, https:\/\/latinmountain.com\/wp-content\/uploads\/2022\/10\/IZTA-3-768x292.jpg 768w, https:\/\/latinmountain.com\/wp-content\/uploads\/2022\/10\/IZTA-3-1536x584.jpg 1536w\" sizes=\"auto, (max-width: 1640px) 100vw, 1640px\" \/><\/a><a href=\"https:\/\/latinmountain.com\/index.php\/pico-de-orizaba\/\" target=\"_self\"><img loading=\"lazy\" decoding=\"async\" width=\"1640\" height=\"624\" src=\"https:\/\/latinmountain.com\/wp-content\/uploads\/2022\/10\/ORIZABA-22.jpg\" class=\"slider-650 slide-655\" alt=\"\" data-caption=\"\" data-thumb=\"\" title=\"ORIZABA 22\" rel=\"\" \/><\/a><a href=\"https:\/\/latinmountain.com\/index.php\/iztaccihuatl\/\" target=\"_self\"><img loading=\"lazy\" decoding=\"async\" width=\"1640\" height=\"624\" src=\"https:\/\/latinmountain.com\/wp-content\/uploads\/2022\/10\/malinche-2.jpg\" class=\"slider-650 slide-656\" alt=\"\" data-caption=\"\" data-thumb=\"\" title=\"malinche 2\" rel=\"\" srcset=\"https:\/\/latinmountain.com\/wp-content\/uploads\/2022\/10\/malinche-2.jpg 1640w, https:\/\/latinmountain.com\/wp-content\/uploads\/2022\/10\/malinche-2-300x114.jpg 300w, https:\/\/latinmountain.com\/wp-content\/uploads\/2022\/10\/malinche-2-1024x390.jpg 1024w, https:\/\/latinmountain.com\/wp-content\/uploads\/2022\/10\/malinche-2-768x292.jpg 768w, https:\/\/latinmountain.com\/wp-content\/uploads\/2022\/10\/malinche-2-1536x584.jpg 1536w\" sizes=\"auto, (max-width: 1640px) 100vw, 1640px\" \/><\/a><\/div><\/div>\n        \n    <\/div>\n<\/div><\/div>\n\t\t\t\t<\/div>\n\t\t\t\t<\/div>\n\t\t\t\t\t<\/div>\n\t\t<\/div>\n\t\t\t\t\t\t\t<\/div>\n\t\t<\/section>\n\t\t\t\t\t\t\t<\/div>\n\t\t","protected":false},"excerpt":{"rendered":"<p>Som\u00f3s un talentoso equipo de guias de monta\u00f1a. \u00a1Vive la experiencia! Vive la Experiencia de la Expedici\u00f3n CONTRATACIONES ELPICO DE ORIZABA El Citlalt\u00e9petl o Pico de Orizaba con 5,630 msnm \u00a0Puede ser tu pr\u00f3xima conquista, \u00a0Ataca la cima, en compa\u00f1\u00eda de gu\u00edas entrenados en Alta Monta\u00f1a preparados para cualquier adversidad. Observa c\u00f3mo se levanta en [&hellip;]<\/p>\n","protected":false},"author":1,"featured_media":0,"parent":0,"menu_order":0,"comment_status":"closed","ping_status":"closed","template":"","meta":{"om_disable_all_campaigns":false,"_monsterinsights_skip_tracking":false,"_monsterinsights_sitenote_active":false,"_monsterinsights_sitenote_note":"","_monsterinsights_sitenote_category":0,"_joinchat":[],"footnotes":""},"class_list":["post-19","page","type-page","status-publish","hentry","entry"],"aioseo_notices":[],"_links":{"self":[{"href":"https:\/\/latinmountain.com\/index.php\/wp-json\/wp\/v2\/pages\/19","targetHints":{"allow":["GET"]}}],"collection":[{"href":"https:\/\/latinmountain.com\/index.php\/wp-json\/wp\/v2\/pages"}],"about":[{"href":"https:\/\/latinmountain.com\/index.php\/wp-json\/wp\/v2\/types\/page"}],"author":[{"embeddable":true,"href":"https:\/\/latinmountain.com\/index.php\/wp-json\/wp\/v2\/users\/1"}],"replies":[{"embeddable":true,"href":"https:\/\/latinmountain.com\/index.php\/wp-json\/wp\/v2\/comments?post=19"}],"version-history":[{"count":50,"href":"https:\/\/latinmountain.com\/index.php\/wp-json\/wp\/v2\/pages\/19\/revisions"}],"predecessor-version":[{"id":1179,"href":"https:\/\/latinmountain.com\/index.php\/wp-json\/wp\/v2\/pages\/19\/revisions\/1179"}],"wp:attachment":[{"href":"https:\/\/latinmountain.com\/index.php\/wp-json\/wp\/v2\/media?parent=19"}],"curies":[{"name":"wp","href":"https:\/\/api.w.org\/{rel}","templated":true}]}}